{"id":158,"date":"2020-12-14T21:52:26","date_gmt":"2020-12-15T00:52:26","guid":{"rendered":"http:\/\/grupocaiso.com.br\/?page_id=158"},"modified":"2020-12-16T23:07:29","modified_gmt":"2020-12-17T02:07:29","slug":"desconto-de-duplicatas-e-cheques","status":"publish","type":"page","link":"http:\/\/grupocaiso.com.br\/?page_id=158","title":{"rendered":"Desconto de duplicatas e cheques"},"content":{"rendered":"\t\t<div data-elementor-type=\"wp-page\" data-elementor-id=\"158\" class=\"elementor elementor-158\">\n\t\t\t\t\t\t<div class=\"elementor-inner\">\n\t\t\t\t<div class=\"elementor-section-wrap\">\n\t\t\t\t\t\t\t\t\t<section class=\"elementor-section elementor-top-section elementor-element elementor-element-89db0db elementor-section-height-full elementor-hidden-tablet elementor-hidden-phone elementor-section-boxed elementor-section-height-default elementor-section-items-middle\" data-id=\"89db0db\" data-element_type=\"section\" data-settings=\"{&quot;background_background&quot;:&quot;classic&quot;}\">\n\t\t\t\t\t\t<div class=\"elementor-container elementor-column-gap-default\">\n\t\t\t\t\t\t\t<div class=\"elementor-row\">\n\t\t\t\t\t<div class=\"elementor-column elementor-col-100 elementor-top-column elementor-element elementor-element-4f34d4e\" data-id=\"4f34d4e\" data-element_type=\"column\">\n\t\t\t<div class=\"elementor-column-wrap\">\n\t\t\t\t\t\t\t<div class=\"elementor-widget-wrap\">\n\t\t\t\t\t\t\t\t<\/div>\n\t\t\t\t\t<\/div>\n\t\t<\/div>\n\t\t\t\t\t\t\t\t<\/div>\n\t\t\t\t\t<\/div>\n\t\t<\/section>\n\t\t\t\t<section class=\"elementor-section elementor-top-section elementor-element elementor-element-8020d3d elementor-hidden-tablet elementor-hidden-phone elementor-section-boxed elementor-section-height-default elementor-section-height-default\" data-id=\"8020d3d\" data-element_type=\"section\">\n\t\t\t\t\t\t<div class=\"elementor-container elementor-column-gap-default\">\n\t\t\t\t\t\t\t<div class=\"elementor-row\">\n\t\t\t\t\t<div class=\"elementor-column elementor-col-100 elementor-top-column elementor-element elementor-element-28471ed\" data-id=\"28471ed\" data-element_type=\"column\">\n\t\t\t<div class=\"elementor-column-wrap elementor-element-populated\">\n\t\t\t\t\t\t\t<div class=\"elementor-widget-wrap\">\n\t\t\t\t\t\t<div class=\"elementor-element elementor-element-72c394c elementor-widget elementor-widget-text-editor\" data-id=\"72c394c\" data-element_type=\"widget\" data-widget_type=\"text-editor.default\">\n\t\t\t\t<div class=\"elementor-widget-container\">\n\t\t\t\t\t\t\t\t<div class=\"elementor-text-editor elementor-clearfix\">\n\t\t\t\tO <strong>desconto de duplicatas e cheques <\/strong>\u00e9 a antecipa\u00e7\u00e3o de um recebimento futuro, gerando capital de giro imediato para sua empresa pagar seus compromissos.\n<br>Quando sua empresa faz uma venda, emite uma nota fiscal, e d\u00e1 um prazo para o seu cliente realizar o pagamento neste caso voc\u00ea n\u00e3o precisa mais esperar esse prazo para receber o valor da venda. Com a Caiso Securitizadora S\/A voc\u00ea recebe \u00e0 vista, com um pequeno des\u00e1gio, gerando, assim, flexibilidade para manter os seus compromissos com colaboradores e fornecedores em dia.\n<br>\n<br>\n<strong>O grupo Caiso <\/strong>proporciona aos seus clientes todas as ferramentas necess\u00e1rias para voc\u00ea solucionar as necessidades financeiras da sua empresa. Em um ambiente totalmente seguro e digital.\n<br>Todos os nossos clientes conseguem enviar opera\u00e7\u00f5es, gerenciar sua carteira, assinar duplicatas e border\u00f4s. Tudo isso em poucos minutos de uma forma muito simples, pr\u00e1tica e sem custo de motoboy, impress\u00e3o, assinaturas f\u00edsicas.\n\t\t\t\t\t<\/div>\n\t\t\t\t\t\t<\/div>\n\t\t\t\t<\/div>\n\t\t\t\t<div class=\"elementor-element elementor-element-402921f elementor-widget elementor-widget-button\" data-id=\"402921f\" data-element_type=\"widget\" data-widget_type=\"button.default\">\n\t\t\t\t<div class=\"elementor-widget-container\">\n\t\t\t\t\t<div class=\"elementor-button-wrapper\">\n\t\t\t<a href=\"http:\/\/grupocaiso.com.br\/\" class=\"elementor-button-link elementor-button elementor-size-sm\" role=\"button\">\n\t\t\t\t\t\t<span class=\"elementor-button-content-wrapper\">\n\t\t\t\t\t\t<span class=\"elementor-button-text\">Voltar para a p\u00e1gina principal<\/span>\n\t\t<\/span>\n\t\t\t\t\t<\/a>\n\t\t<\/div>\n\t\t\t\t<\/div>\n\t\t\t\t<\/div>\n\t\t\t\t\t\t<\/div>\n\t\t\t\t\t<\/div>\n\t\t<\/div>\n\t\t\t\t\t\t\t\t<\/div>\n\t\t\t\t\t<\/div>\n\t\t<\/section>\n\t\t\t\t<section class=\"elementor-section elementor-top-section elementor-element elementor-element-8d35de4 elementor-hidden-desktop elementor-hidden-tablet elementor-section-boxed elementor-section-height-default elementor-section-height-default\" data-id=\"8d35de4\" data-element_type=\"section\" data-settings=\"{&quot;background_background&quot;:&quot;classic&quot;}\">\n\t\t\t\t\t\t<div class=\"elementor-container elementor-column-gap-default\">\n\t\t\t\t\t\t\t<div class=\"elementor-row\">\n\t\t\t\t\t<div class=\"elementor-column elementor-col-100 elementor-top-column elementor-element elementor-element-02eb579\" data-id=\"02eb579\" data-element_type=\"column\">\n\t\t\t<div class=\"elementor-column-wrap elementor-element-populated\">\n\t\t\t\t\t\t\t<div class=\"elementor-widget-wrap\">\n\t\t\t\t\t\t<div class=\"elementor-element elementor-element-90acb6b elementor-widget elementor-widget-text-editor\" data-id=\"90acb6b\" data-element_type=\"widget\" data-widget_type=\"text-editor.default\">\n\t\t\t\t<div class=\"elementor-widget-container\">\n\t\t\t\t\t\t\t\t<div class=\"elementor-text-editor elementor-clearfix\">\n\t\t\t\tDesconto de\n<br>Duplicatas\ne Cheques\t\t\t\t\t<\/div>\n\t\t\t\t\t\t<\/div>\n\t\t\t\t<\/div>\n\t\t\t\t<div class=\"elementor-element elementor-element-a760d97 elementor-widget elementor-widget-text-editor\" data-id=\"a760d97\" data-element_type=\"widget\" data-widget_type=\"text-editor.default\">\n\t\t\t\t<div class=\"elementor-widget-container\">\n\t\t\t\t\t\t\t\t<div class=\"elementor-text-editor elementor-clearfix\">\n\t\t\t\tO <strong>desconto de duplicatas e cheques <\/strong>\u00e9 a antecipa\u00e7\u00e3o de um recebimento futuro, gerando capital de giro imediato para sua empresa pagar seus compromissos.\nQuando sua empresa faz uma venda, emite uma nota fiscal, e d\u00e1 um prazo para o seu cliente realizar o pagamento neste caso voc\u00ea n\u00e3o precisa mais esperar esse prazo para receber o valor da venda. Com a Caiso Securitizadora S\/A voc\u00ea recebe \u00e0 vista, com um pequeno des\u00e1gio, gerando, assim, flexibilidade para manter os seus compromissos com colaboradores e fornecedores em dia.\n<br>\n<br>\n<strong>O grupo Caiso <\/strong>proporciona aos seus clientes todas as ferramentas necess\u00e1rias para voc\u00ea solucionar as necessidades financeiras da sua empresa. Em um ambiente totalmente seguro e digital.\nTodos os nossos clientes conseguem enviar opera\u00e7\u00f5es, gerenciar sua carteira, assinar duplicatas e border\u00f4s. Tudo isso em poucos minutos de uma forma muito simples, pr\u00e1tica e sem custo de motoboy, impress\u00e3o, assinaturas f\u00edsicas.\t\t\t\t\t<\/div>\n\t\t\t\t\t\t<\/div>\n\t\t\t\t<\/div>\n\t\t\t\t<div class=\"elementor-element elementor-element-8a84a7d elementor-mobile-align-center elementor-widget elementor-widget-button\" data-id=\"8a84a7d\" data-element_type=\"widget\" data-widget_type=\"button.default\">\n\t\t\t\t<div class=\"elementor-widget-container\">\n\t\t\t\t\t<div class=\"elementor-button-wrapper\">\n\t\t\t<a href=\"http:\/\/grupocaiso.com.br\/\" class=\"elementor-button-link elementor-button elementor-size-sm\" role=\"button\">\n\t\t\t\t\t\t<span class=\"elementor-button-content-wrapper\">\n\t\t\t\t\t\t<span class=\"elementor-button-text\">Voltar para a p\u00e1gina principal<\/span>\n\t\t<\/span>\n\t\t\t\t\t<\/a>\n\t\t<\/div>\n\t\t\t\t<\/div>\n\t\t\t\t<\/div>\n\t\t\t\t\t\t<\/div>\n\t\t\t\t\t<\/div>\n\t\t<\/div>\n\t\t\t\t\t\t\t\t<\/div>\n\t\t\t\t\t<\/div>\n\t\t<\/section>\n\t\t\t\t\t\t\t\t\t<\/div>\n\t\t\t<\/div>\n\t\t\t\t\t<\/div>\n\t\t","protected":false},"excerpt":{"rendered":"<p>O desconto de duplicatas e cheques \u00e9 a antecipa\u00e7\u00e3o de um recebimento futuro, gerando capital de giro imediato para sua empresa pagar seus compromissos. Quando sua empresa faz uma venda, emite uma nota fiscal, e d\u00e1 um prazo para o seu cliente realizar o pagamento neste caso voc\u00ea n\u00e3o precisa mais esperar esse prazo para [&hellip;]<\/p>\n","protected":false},"author":1,"featured_media":0,"parent":0,"menu_order":0,"comment_status":"closed","ping_status":"closed","template":"elementor_canvas","meta":[],"_links":{"self":[{"href":"http:\/\/grupocaiso.com.br\/index.php?rest_route=\/wp\/v2\/pages\/158"}],"collection":[{"href":"http:\/\/grupocaiso.com.br\/index.php?rest_route=\/wp\/v2\/pages"}],"about":[{"href":"http:\/\/grupocaiso.com.br\/index.php?rest_route=\/wp\/v2\/types\/page"}],"author":[{"embeddable":true,"href":"http:\/\/grupocaiso.com.br\/index.php?rest_route=\/wp\/v2\/users\/1"}],"replies":[{"embeddable":true,"href":"http:\/\/grupocaiso.com.br\/index.php?rest_route=%2Fwp%2Fv2%2Fcomments&post=158"}],"version-history":[{"count":11,"href":"http:\/\/grupocaiso.com.br\/index.php?rest_route=\/wp\/v2\/pages\/158\/revisions"}],"predecessor-version":[{"id":311,"href":"http:\/\/grupocaiso.com.br\/index.php?rest_route=\/wp\/v2\/pages\/158\/revisions\/311"}],"wp:attachment":[{"href":"http:\/\/grupocaiso.com.br\/index.php?rest_route=%2Fwp%2Fv2%2Fmedia&parent=158"}],"curies":[{"name":"wp","href":"https:\/\/api.w.org\/{rel}","templated":true}]}}